{"id":109,"date":"2012-07-29T12:50:15","date_gmt":"2012-07-29T12:50:15","guid":{"rendered":"http:\/\/www.asv-luebeck.de\/?page_id=109"},"modified":"2023-11-13T22:00:29","modified_gmt":"2023-11-13T21:00:29","slug":"wo-findet-man-uns","status":"publish","type":"page","link":"https:\/\/asv-luebeck.de\/?page_id=109","title":{"rendered":"Wo findet man uns?"},"content":{"rendered":"<p>Ihr findet uns im Passathafen auf dem Priwall. Unser Boot <em>Frithjof II<\/em>, liegt am Steg A wo auch die Passat liegt, unser Flaggschiff <em>Wiking VIII\u00a0 <\/em>liegt am Steg F und unser Ausbildungsboot <em>Sprotte<\/em> am Steg H des bewaldeten Abschnittes der Promenade. F\u00fcr unsere Ausr\u00fcstung verwenden wir einen Container der auf dem Parkplatz des Hafens hinter der Rezeption der Ferienappartments im D\u00fcnenweg liegt (siehe <a href=\"http:\/\/www.openstreetmap.org\/?mlat=53.95612&amp;mlon=10.8759&amp;zoom=17&amp;layers=M\" target=\"_blank\" rel=\"noopener noreferrer\">OpenStreetMap<\/a>).<\/p>\n<p>Unsere monatlichen Treffen in L\u00fcbeck finden in wechselnden Gastst\u00e4tten in der Innenstadt statt (siehe Terminkalender).<\/p>\n<h2>Anreise aus L\u00fcbeck<\/h2>\n<h3>Per Zug<\/h3>\n<p>Den Zug von L\u00fcbeck Hbf nach L\u00fcbeck-Travem\u00fcnde Strand f\u00e4hrt tags\u00fcber um drei Minuten nach. Verl\u00e4sst man am Haltepunkt L\u00fcbeck-Travem\u00fcnde Hafen und geht ein wenig zur\u00fcck und dann durch den Hirtengang in Richtung Kirche und weiter zur Priwallf\u00e4hre. Der Zug ist im Studentensemesterticket enthalten.<\/p>\n<h3>Per Bus<\/h3>\n<p>Von der L\u00fcbecker Innenstadt aus fahren die Buslinien 30 und 40, bzw. im Abendverkehr statt der 30 die 31. Die 30 (bzw. 31) verl\u00e4sst man an der Haltestelle <em>Priwallf\u00e4hre<\/em>, die 40 bereits an der Haltestelle <em>Teutendorfer Weg<\/em>. Um von der Haltestelle <em>Teutendorfer Weg<\/em> zur F\u00e4hre zu gelangen, geht man zu Fu\u00df in Richtung Kirche und h\u00e4lt sich an dieser ganz rechts.<\/p>\n<h3>Per Auto<\/h3>\n<p>Das Ziel hei\u00dft: Am Priwallhafen, 23570 L\u00fcbeck-Travem\u00fcnde. Es bieten sich von der L\u00fcbecker Innenstadt aus drei unterschiedliche Strecken an:<\/p>\n<ul>\n<li>\u00fcber die A1, A226 und B75 nach Travem\u00fcnde, dort der Beschilderung zum Priwall folgen;<\/li>\n<li>\u00fcber die B75, d. h. \u00fcber Travem\u00fcnder Allee und Herrentunnel nach Travem\u00fcnde, dann der Beschilderung zum Priwall folgen<\/li>\n<li>zun\u00e4chst Richtung Schlutup, dann \u00fcber die B105 durch Selmsdorf und Dassow, in Dassow an Penny vorbei, dann unmittelbar vor der Tankstelle links in Richtung P\u00f6tenitz, in P\u00f6tenitz links zum Priwall.<\/li>\n<\/ul>\n<p>Die erste Strecke vermeidet den Herrentunnel, in Travem\u00fcnde muss man aber noch die F\u00e4hre benutzen (mit dem Auto oder zu Fu\u00df). Zu fu\u00df ist die Nutzung f\u00fcr Studenten im Semesterticket enthalten. Die zweite Strecke ist die k\u00fcrzeste, f\u00fchrt daf\u00fcr aber sowohl durch den mautpflichtigen Herrentunnel als auch \u00fcber die F\u00e4hre. Die dritte Strecke ist schlie\u00dflich die l\u00e4ngste, kommt aber ohne Tunnel oder F\u00e4hre aus.<\/p>\n<h3>Per Fahrrad<\/h3>\n<p>Von der L\u00fcbecker Innenstadt aus sind es mit dem Rad ca. 20 km bis zum Passathafen. Der direkte Weg f\u00fchrt durch den Herrentunnel, der mit dem Rad allerdings nur per <a href=\"https:\/\/www.herrentunnel.de\/index.php\/radfahrer.html\">kostenlosem Shuttlebus<\/a> durchfahren werden kann. Als Alternative bietet sich an, \u00fcber Bad Schwartau bzw. L\u00fcbeck-D\u00e4nischburg zu fahren und damit den Tunnel zu meiden.<\/p>\n<p>So oder so muss die Trave in Travem\u00fcnde mit der F\u00e4hre \u00fcberquert werden, denn der Weg \u00fcber Schlutup, Dassow und P\u00f6tenitz ist Radfahrern auf Grund der stark befahrenen, kurvenreichen Strecke ohne Radwege nicht zu empfehlen.<\/p>\n","protected":false},"excerpt":{"rendered":"<p>Ihr findet uns im Passathafen auf dem Priwall. Unser Boot Frithjof II, liegt am Steg A wo auch die Passat liegt, unser Flaggschiff Wiking VIII\u00a0 liegt am Steg F und unser Ausbildungsboot Sprotte am Steg H des bewaldeten Abschnittes der Promenade. F\u00fcr unsere Ausr\u00fcstung verwenden wir einen Container der auf dem Parkplatz des Hafens hinter [&hellip;]<\/p>\n","protected":false},"author":1,"featured_media":0,"parent":61,"menu_order":0,"comment_status":"closed","ping_status":"closed","template":"","meta":{"_mc_calendar":[],"footnotes":""},"class_list":["post-109","page","type-page","status-publish","hentry"],"_links":{"self":[{"href":"https:\/\/asv-luebeck.de\/index.php?rest_route=\/wp\/v2\/pages\/109","targetHints":{"allow":["GET"]}}],"collection":[{"href":"https:\/\/asv-luebeck.de\/index.php?rest_route=\/wp\/v2\/pages"}],"about":[{"href":"https:\/\/asv-luebeck.de\/index.php?rest_route=\/wp\/v2\/types\/page"}],"author":[{"embeddable":true,"href":"https:\/\/asv-luebeck.de\/index.php?rest_route=\/wp\/v2\/users\/1"}],"replies":[{"embeddable":true,"href":"https:\/\/asv-luebeck.de\/index.php?rest_route=%2Fwp%2Fv2%2Fcomments&post=109"}],"version-history":[{"count":4,"href":"https:\/\/asv-luebeck.de\/index.php?rest_route=\/wp\/v2\/pages\/109\/revisions"}],"predecessor-version":[{"id":2314,"href":"https:\/\/asv-luebeck.de\/index.php?rest_route=\/wp\/v2\/pages\/109\/revisions\/2314"}],"up":[{"embeddable":true,"href":"https:\/\/asv-luebeck.de\/index.php?rest_route=\/wp\/v2\/pages\/61"}],"wp:attachment":[{"href":"https:\/\/asv-luebeck.de\/index.php?rest_route=%2Fwp%2Fv2%2Fmedia&parent=109"}],"curies":[{"name":"wp","href":"https:\/\/api.w.org\/{rel}","templated":true}]}}