{"id":13,"date":"2012-07-21T17:25:33","date_gmt":"2012-07-21T15:25:33","guid":{"rendered":"http:\/\/www.asv-luebeck.de\/?page_id=13"},"modified":"2025-11-27T21:49:39","modified_gmt":"2025-11-27T20:49:39","slug":"vereinsgeschichte","status":"publish","type":"page","link":"https:\/\/asv-luebeck.de\/?page_id=13","title":{"rendered":"Vereinsgeschichte"},"content":{"rendered":"<p>Der ASV, der zun\u00e4chst \u201eAkademische Seglerverein in Greifswald\u201c, sp\u00e4ter &#8222;Akademischer Seglerverein Greifswald zu L\u00fcbeck e.V.&#8220; hie\u00df, und nun schlie\u00dflich &#8222;Akademischer Segelverein zu L\u00fcbeck e.V.&#8220;, ist ein Verein mit langj\u00e4hriger Tradition und Geschichte. Er entstand 1908 in Greifswald als einer der ersten akademischen Seglervereine Deutschlands, welche sich bewusst nicht als Studentenverbindung betrachteten. Im Vordergrund sollte die \u201ePflege sportgerechten Segelns unter den Studierenden\u201c (\u00a72 der Satzung von 1908) stehen.<\/p>\n<p>In der folgenden Zeit musste der ASV viele Schwierigkeiten und H\u00fcrden \u00fcberstehen. So kam es beispielsweise w\u00e4hrend des ersten Weltkrieges zu einer einstweiligen Vereinsschlie\u00dfung. Auch in der Zeit des Nationalismus musste der Verein sich dem Zeitgeschehen beugen und unter anderem eine Satzes\u00e4nderung vollziehen: \u00a72: \u201eDer Verein bezweckt die leibliche und seelische Erziehung seiner Mitglieder im Geiste des Nationalsozialistischen Volksstaates durch die planm\u00e4\u00dfige Pflege der Leibes\u00fcbungen, insbesondere des Seesegelns der akademischen Jugend sowie den Gedanken deutscher Seegeltung zu pflegen.\u201c<\/p>\n<p>In der DDR wurde alle studentischen Vereinigungen aufgel\u00f6st, so leider auch der ASV in Greifswald. Daraufhin gr\u00fcndeten \u201e\u00fcberlebende\u201c Mitglieder 1968 den ASV Greifswald zu L\u00fcbeck e.V., welcher in dieser Form auch heute noch Bestand hat. Nach 50 Jahren in L\u00fcbeck und auch weil in der Zwischenzeit nach der Wiedervereinigung in Greifswald wieder ein Akademischer Seglerverein entstanden war, tr\u00e4gt er den Namen &#8222;Akademischer Segelverein zu L\u00fcbeck e.V.&#8220;<\/p>\n<p>Heute sind die meisten akademischen Seglervereine in Deutschland im \u201eVerband der Akademischen Seglervereine\u201c (VASV) organisiert, was einen regen Austausch und eine sehr freundschaftliche Beziehung untereinander m\u00f6glich macht.<\/p>\n","protected":false},"excerpt":{"rendered":"<p>Der ASV, der zun\u00e4chst \u201eAkademische Seglerverein in Greifswald\u201c, sp\u00e4ter &#8222;Akademischer Seglerverein Greifswald zu L\u00fcbeck e.V.&#8220; hie\u00df, und nun schlie\u00dflich &#8222;Akademischer Segelverein zu L\u00fcbeck e.V.&#8220;, ist ein Verein mit langj\u00e4hriger Tradition und Geschichte. Er entstand 1908 in Greifswald als einer der ersten akademischen Seglervereine Deutschlands, welche sich bewusst nicht als Studentenverbindung betrachteten. Im Vordergrund sollte die [&hellip;]<\/p>\n","protected":false},"author":1,"featured_media":0,"parent":8,"menu_order":0,"comment_status":"closed","ping_status":"closed","template":"","meta":{"_mc_calendar":[],"footnotes":""},"class_list":["post-13","page","type-page","status-publish","hentry"],"_links":{"self":[{"href":"https:\/\/asv-luebeck.de\/index.php?rest_route=\/wp\/v2\/pages\/13","targetHints":{"allow":["GET"]}}],"collection":[{"href":"https:\/\/asv-luebeck.de\/index.php?rest_route=\/wp\/v2\/pages"}],"about":[{"href":"https:\/\/asv-luebeck.de\/index.php?rest_route=\/wp\/v2\/types\/page"}],"author":[{"embeddable":true,"href":"https:\/\/asv-luebeck.de\/index.php?rest_route=\/wp\/v2\/users\/1"}],"replies":[{"embeddable":true,"href":"https:\/\/asv-luebeck.de\/index.php?rest_route=%2Fwp%2Fv2%2Fcomments&post=13"}],"version-history":[{"count":6,"href":"https:\/\/asv-luebeck.de\/index.php?rest_route=\/wp\/v2\/pages\/13\/revisions"}],"predecessor-version":[{"id":2529,"href":"https:\/\/asv-luebeck.de\/index.php?rest_route=\/wp\/v2\/pages\/13\/revisions\/2529"}],"up":[{"embeddable":true,"href":"https:\/\/asv-luebeck.de\/index.php?rest_route=\/wp\/v2\/pages\/8"}],"wp:attachment":[{"href":"https:\/\/asv-luebeck.de\/index.php?rest_route=%2Fwp%2Fv2%2Fmedia&parent=13"}],"curies":[{"name":"wp","href":"https:\/\/api.w.org\/{rel}","templated":true}]}}