{"id":1552,"date":"2018-05-23T22:43:47","date_gmt":"2018-05-23T20:43:47","guid":{"rendered":"http:\/\/www.asv-luebeck.de\/?page_id=1552"},"modified":"2025-11-27T21:47:24","modified_gmt":"2025-11-27T20:47:24","slug":"1552-2","status":"publish","type":"page","link":"https:\/\/asv-luebeck.de\/?page_id=1552","title":{"rendered":"Impressum"},"content":{"rendered":"<h2>Angaben gem\u00e4\u00df \u00a7 5 TMG:<\/h2>\n<p>Akademischer Segelverein zu L\u00fcbeck e. V.<br \/>\nPostfach 2006<br \/>\n23508 L\u00fcbeck<\/p>\n<p>ASV zu L\u00fcbeck<br \/>\nJens Hamschmidt<br \/>\nRatzeburger Allee 14A<br \/>\n23564 L\u00fcbeck, Germany<\/p>\n<p>F\u00fcr Kontaktaufnahmen bitten wir das Postfach zu verwenden.<\/p>\n<p><strong>Bankverbindung<\/strong><\/p>\n<p>Bankleitzahl: 230 50 101<br \/>\nKonto-Nr.: 33 000 50<br \/>\nIBAN: DE49 2305 0101 0003 3000 50<br \/>\nBIC: NOLADE21SPL<br \/>\nBank: Sparkasse L\u00fcbeck<\/p>\n<h2>Vertreten durch den St\u00e4ndigen Vorsitzenden:<\/h2>\n<p>Joachim Weimer<\/p>\n<h2>Kontakt:<\/h2>\n<p>E-Mail: <a href=\"mailto:info@asv-luebeck.de\">info@asv-luebeck.de<\/a><\/p>\n<p>Wir widersprechen der Nutzung der E-Mailadresse f\u00fcr Werbung jeglicher Art. Pers\u00f6nliche Anfragen von Segelinteressierten freuen uns sehr.<\/p>\n<h2>Registereintrag:<\/h2>\n<p>Eintragung im Vereinsregister.<br \/>\nRegistergericht: Amtsgericht L\u00fcbeck<br \/>\nRegisternummer: VR 902 HL<\/p>\n<h2>Streitschlichtung<\/h2>\n<p>Wir sind nicht bereit oder verpflichtet, an Streitbeilegungsverfahren vor einer Verbraucherschlichtungsstelle teilzunehmen.<\/p>\n<h3>Haftung f\u00fcr Inhalte<\/h3>\n<p>Als Diensteanbieter sind wir gem\u00e4\u00df \u00a7 7<br \/>\nAbs.1 TMG f\u00fcr eigene Inhalte auf diesen Seiten nach den allgemeinen Gesetzen verantwortlich. Nach \u00a7\u00a7 8 bis 10 TMG sind wir als Diensteanbieter jedoch nicht verpflichtet, \u00fcbermittelte oder gespeicherte fremde Informationen zu \u00fcberwachen oder nach Umst\u00e4nden zu forschen, die auf eine rechtswidrige T\u00e4tigkeit hinweisen.<\/p>\n<p>Verpflichtungen zur Entfernung oder Sperrung der Nutzung von Informationen nach den allgemeinen Gesetzen bleiben hiervon unber\u00fchrt.<br \/>\nEine diesbez\u00fcgliche Haftung ist jedoch erst ab dem Zeitpunkt der Kenntnis einer konkreten Rechtsverletzung m\u00f6glich. Bei Bekanntwerden von entsprechenden Rechtsverletzungen werden wir diese Inhalte umgehend entfernen.<\/p>\n<h3>Haftung f\u00fcr Links<\/h3>\n<p>Unser Angebot enth\u00e4lt Links zu externen Websites Dritter, auf deren Inhalte wir keinen Einfluss haben. Deshalb k\u00f6nnen wir f\u00fcr diese fremden Inhalte auch keine Gew\u00e4hr \u00fcbernehmen. F\u00fcr die Inhalte der verlinkten Seiten ist stets der jeweilige Anbieter oder Betreiber der Seiten verantwortlich. Die verlinkten Seiten wurden zum Zeitpunkt der Verlinkung auf m\u00f6gliche Rechtsverst\u00f6\u00dfe \u00fcberpr\u00fcft. Rechtswidrige Inhalte waren zum Zeitpunkt der Verlinkung nicht erkennbar.<\/p>\n<p>Eine permanente inhaltliche Kontrolle der verlinkten Seiten ist jedoch ohne konkrete Anhaltspunkte einer Rechtsverletzung nicht zumutbar. Bei Bekanntwerden von Rechtsverletzungen werden wir derartige Links umgehend entfernen.<\/p>\n<h3>Urheberrecht<\/h3>\n<p>Die durch die Seitenbetreiber erstellten Inhalte und Werke auf diesen Seiten unterliegen dem deutschen Urheberrecht. Die Vervielf\u00e4ltigung, Bearbeitung, Verbreitung und jede Art der Verwertung au\u00dferhalb der Grenzen des Urheberrechtes bed\u00fcrfen der schriftlichen Zustimmung des jeweiligen Autors bzw. Erstellers.<br \/>\nDownloads und Kopien dieser Seite sind nur f\u00fcr den privaten, nicht kommerziellen Gebrauch gestattet.<\/p>\n<p>Soweit die Inhalte auf dieser Seite nicht vom Betreiber erstellt wurden, werden die Urheberrechte Dritter beachtet. Insbesondere werden Inhalte Dritter als solche gekennzeichnet. Sollten Sie trotzdem auf eine Urheberrechtsverletzung aufmerksam werden, bitten wir um einen entsprechenden Hinweis. Bei Bekanntwerden von Rechtsverletzungen werden wir derartige Inhalte umgehend entfernen.<\/p>\n","protected":false},"excerpt":{"rendered":"<p>Angaben gem\u00e4\u00df \u00a7 5 TMG: Akademischer Segelverein zu L\u00fcbeck e. V. Postfach 2006 23508 L\u00fcbeck ASV zu L\u00fcbeck Jens Hamschmidt Ratzeburger Allee 14A 23564 L\u00fcbeck, Germany F\u00fcr Kontaktaufnahmen bitten wir das Postfach zu verwenden. Bankverbindung Bankleitzahl: 230 50 101 Konto-Nr.: 33 000 50 IBAN: DE49 2305 0101 0003 3000 50 BIC: NOLADE21SPL Bank: Sparkasse L\u00fcbeck [&hellip;]<\/p>\n","protected":false},"author":1,"featured_media":0,"parent":0,"menu_order":0,"comment_status":"closed","ping_status":"closed","template":"","meta":{"_mc_calendar":[],"footnotes":""},"class_list":["post-1552","page","type-page","status-publish","hentry"],"_links":{"self":[{"href":"https:\/\/asv-luebeck.de\/index.php?rest_route=\/wp\/v2\/pages\/1552","targetHints":{"allow":["GET"]}}],"collection":[{"href":"https:\/\/asv-luebeck.de\/index.php?rest_route=\/wp\/v2\/pages"}],"about":[{"href":"https:\/\/asv-luebeck.de\/index.php?rest_route=\/wp\/v2\/types\/page"}],"author":[{"embeddable":true,"href":"https:\/\/asv-luebeck.de\/index.php?rest_route=\/wp\/v2\/users\/1"}],"replies":[{"embeddable":true,"href":"https:\/\/asv-luebeck.de\/index.php?rest_route=%2Fwp%2Fv2%2Fcomments&post=1552"}],"version-history":[{"count":6,"href":"https:\/\/asv-luebeck.de\/index.php?rest_route=\/wp\/v2\/pages\/1552\/revisions"}],"predecessor-version":[{"id":2526,"href":"https:\/\/asv-luebeck.de\/index.php?rest_route=\/wp\/v2\/pages\/1552\/revisions\/2526"}],"wp:attachment":[{"href":"https:\/\/asv-luebeck.de\/index.php?rest_route=%2Fwp%2Fv2%2Fmedia&parent=1552"}],"curies":[{"name":"wp","href":"https:\/\/api.w.org\/{rel}","templated":true}]}}