{"id":1714,"date":"2012-07-21T17:08:17","date_gmt":"2012-07-21T17:08:17","guid":{"rendered":"http:\/\/www.asv-luebeck.de\/?page_id=2"},"modified":"2025-12-26T08:27:07","modified_gmt":"2025-12-26T07:27:07","slug":"beispiel-seite","status":"publish","type":"page","link":"https:\/\/asv-luebeck.de\/","title":{"rendered":"Segeln und Studieren in L\u00fcbeck"},"content":{"rendered":"<p>Der Akademische Segelverein zu L\u00fcbeck e.V. \u2013 kurz ASV \u2013 ist weitaus mehr als ein Zusammentreffen segelbegeisterter Studierender. Seit seiner Gr\u00fcndung 1908 dreht sich alles um das Ziel, Studierenden das Segeln zu erm\u00f6glichen. Bei uns k\u00f6nnen Mitglieder, aber auch G\u00e4ste, in Theorie- und Praxiskursen raue Seeluft schnuppern und das Segeln erlernen. All denjenigen, die bereits den Segelsport f\u00fcr sich entdeckt haben, steht bei uns die Welt auf unseren Vereinsschiffen offen.<br \/>Das Vereinsleben wird gr\u00f6\u00dftenteils von L\u00fcbecker Studierenden gepr\u00e4gt, die fast alles selbst in die Hand nehmen: Von der Winterarbeit und Pflege an den Schiffen, \u00fcber die Segelausbildung, bis hin zu den kleinen T\u00f6rns am Wochenende oder gro\u00dfen Reisen durch die Weltmeere.<br \/>Der ASV ist jedoch kein rein akademischer Verein und auch keine Studentenverbindung, sondern er soll jeden ansprechen, der Interesse und Freude am Spiel mit Wind und Wasser hat. Dabei machen es die Beitr\u00e4ge und Spenden der \u00e4lteren Mitglieder und auch die gro\u00dfz\u00fcgige Unterst\u00fctzung unserer F\u00f6rderer m\u00f6glich, den Jahresbeitrag der Studierenden und aktiven Mitglieder m\u00f6glichst gering zu halten.<\/p>\n<p>Eine genauere Vorstellung des Vereins findet ihr <a href=\"https:\/\/asv-luebeck.de\/?page_id=8\">hier.<\/a><\/p>\n<h3>Lust auf Segeln?<\/h3>\n<p>Unsere Ausbildungswartin <strong>Markus<\/strong> ist Ansprechpartner f\u00fcr Interessenten betreffend allgemeinen Infos zu Probesegeln und Ausbildung (Ausbildungssegeln, Navigationskurs, etc.). Schreib ihr einfach eine <a href=\"mailto:info@asv-luebeck.de\">Mail<\/a>.<\/p>\n<h3>Wo wir sind<\/h3>\n<p>Unsere Schiffe findet ihr in der Segelsaison im <a href=\"https:\/\/www.google.com\/maps\/preview?q=53.956268,10.8790683\" target=\"_blank\" rel=\"noopener noreferrer\">Passathafen auf dem Priwall\u00a0<\/a> von Travem\u00fcnde. Unsere Monatsversammlungen finden in wechselnden Gastt\u00e4tten im Stadtkern von L\u00fcbeck statt. Unser T\u00f6rnschiff Wiking VIII befindet sich gerade <a href=\"https:\/\/www.vesselfinder.com\/de\/vessels\/WIKING-VIII-IMO-0-MMSI-211439760\" target=\"_blank\" rel=\"noopener noreferrer\">hier<\/a>.<\/p>\n<h3>Wie du Mitglied wirst<\/h3>\n<p>M\u00f6chtest du unserem Verein beitreten, komme einfach zu einer unserer Monatsversammlungen oder melde dich bei der <a href=\"mailto:raja.hollnagel@asv-luebeck.de\">Studentischen Vorsitzenden<\/a> <strong>Raja<\/strong>. Vorab kannst du dir gerne <a href=\"https:\/\/asv-luebeck.de\/?page_id=15\">hier<\/a> unsere Satzung und Beitragsordnung durchlesen, sowie die Beitrittsunterlagen \u00a0herunterladen. \u00dcbrigens: Der Verein steht allen offen &#8211; um beizutreten muss man kein Studierender sein.<\/p>\n<h3>Kontakt<\/h3>\n<p>Bei allgemeinen Fragen, schreibt uns bitte eine E-Mail an <a href=\"mailto:info@asv-luebeck.de\">info@asv-luebeck.de.<\/a> Ansprechpartner und weitere Infos findet ihr unter <a href=\"https:\/\/asv-luebeck.de\/?page_id=8\">Der Verein<\/a>.<em><br \/><\/em><\/p>\n\n\n<p><\/p>\n","protected":false},"excerpt":{"rendered":"<p>Der Akademische Segelverein zu L\u00fcbeck e.V. \u2013 kurz ASV \u2013 ist weitaus mehr als ein Zusammentreffen segelbegeisterter Studierender. Seit seiner Gr\u00fcndung 1908 dreht sich alles um das Ziel, Studierenden das Segeln zu erm\u00f6glichen. Bei uns k\u00f6nnen Mitglieder, aber auch G\u00e4ste, in Theorie- und Praxiskursen raue Seeluft schnuppern und das Segeln erlernen. All denjenigen, die bereits [&hellip;]<\/p>\n","protected":false},"author":1,"featured_media":0,"parent":0,"menu_order":0,"comment_status":"closed","ping_status":"closed","template":"","meta":{"_mc_calendar":[],"footnotes":""},"class_list":["post-1714","page","type-page","status-publish","hentry"],"_links":{"self":[{"href":"https:\/\/asv-luebeck.de\/index.php?rest_route=\/wp\/v2\/pages\/1714","targetHints":{"allow":["GET"]}}],"collection":[{"href":"https:\/\/asv-luebeck.de\/index.php?rest_route=\/wp\/v2\/pages"}],"about":[{"href":"https:\/\/asv-luebeck.de\/index.php?rest_route=\/wp\/v2\/types\/page"}],"author":[{"embeddable":true,"href":"https:\/\/asv-luebeck.de\/index.php?rest_route=\/wp\/v2\/users\/1"}],"replies":[{"embeddable":true,"href":"https:\/\/asv-luebeck.de\/index.php?rest_route=%2Fwp%2Fv2%2Fcomments&post=1714"}],"version-history":[{"count":22,"href":"https:\/\/asv-luebeck.de\/index.php?rest_route=\/wp\/v2\/pages\/1714\/revisions"}],"predecessor-version":[{"id":2551,"href":"https:\/\/asv-luebeck.de\/index.php?rest_route=\/wp\/v2\/pages\/1714\/revisions\/2551"}],"wp:attachment":[{"href":"https:\/\/asv-luebeck.de\/index.php?rest_route=%2Fwp%2Fv2%2Fmedia&parent=1714"}],"curies":[{"name":"wp","href":"https:\/\/api.w.org\/{rel}","templated":true}]}}