{"id":43,"date":"2012-07-21T17:50:46","date_gmt":"2012-07-21T17:50:46","guid":{"rendered":"http:\/\/www.asv-luebeck.de\/?page_id=43"},"modified":"2019-08-30T20:52:32","modified_gmt":"2019-08-30T18:52:32","slug":"klaus","status":"publish","type":"page","link":"https:\/\/asv-luebeck.de\/?page_id=43","title":{"rendered":"Klaus &#038; Elsa"},"content":{"rendered":"<figure id=\"attachment_133\" aria-describedby=\"caption-attachment-133\" style=\"width: 300px\" class=\"wp-caption alignleft\"><a href=\"https:\/\/asv-luebeck.de\/wp-content\/uploads\/2012\/07\/klaus-cut.jpg\"><img loading=\"lazy\" decoding=\"async\" class=\"wp-image-133 size-medium\" title=\"Klaus\" src=\"https:\/\/asv-luebeck.de\/wp-content\/uploads\/2012\/07\/klaus-cut-300x201.jpg\" alt=\"Unsere Jolle Klaus\" width=\"300\" height=\"201\" srcset=\"https:\/\/asv-luebeck.de\/wp-content\/uploads\/2012\/07\/klaus-cut-300x201.jpg 300w, https:\/\/asv-luebeck.de\/wp-content\/uploads\/2012\/07\/klaus-cut-768x515.jpg 768w, https:\/\/asv-luebeck.de\/wp-content\/uploads\/2012\/07\/klaus-cut-1024x686.jpg 1024w, https:\/\/asv-luebeck.de\/wp-content\/uploads\/2012\/07\/klaus-cut.jpg 1200w\" sizes=\"auto, (max-width: 300px) 100vw, 300px\" \/><\/a><figcaption id=\"caption-attachment-133\" class=\"wp-caption-text\">Klaus in fremden Gew\u00e4ssern: In der L\u00fcbecker Bucht unterwegs.<\/figcaption><\/figure>\n<p>Klaus &amp; Elsa sind die kleinsten Schiffe des ASV. An der Wakenitz sind sie f\u00fcr den kleinen Spa\u00df zwischendurch gedacht.<\/p>\n<dl class=\"bootdaten\">\n<dt><img loading=\"lazy\" decoding=\"async\" class=\"wp-image-1461 size-medium\" src=\"https:\/\/asv-luebeck.de\/wp-content\/uploads\/2018\/02\/Klaus-u-Elsa-300x169.jpg\" alt=\"\" width=\"300\" height=\"169\" srcset=\"https:\/\/asv-luebeck.de\/wp-content\/uploads\/2018\/02\/Klaus-u-Elsa-300x169.jpg 300w, https:\/\/asv-luebeck.de\/wp-content\/uploads\/2018\/02\/Klaus-u-Elsa-768x432.jpg 768w, https:\/\/asv-luebeck.de\/wp-content\/uploads\/2018\/02\/Klaus-u-Elsa-1024x576.jpg 1024w\" sizes=\"auto, (max-width: 300px) 100vw, 300px\" \/><\/dt>\n<dt><\/dt>\n<dt class=\"bootsname\">Klaus &amp;Elsa<\/dt>\n<dt class=\"first\">Segeljolle<\/dt>\n<dd>vom Typ Laser 1<\/dd>\n<dt>L\u00e4nge<\/dt>\n<dd>4.23\u00a0m<\/dd>\n<dt>Breite<\/dt>\n<dd>1.42\u00a0m<\/dd>\n<dt>Tiefgang<\/dt>\n<dd>0.90\u00a0m<\/dd>\n<dt>Leergewicht (segelfertig)<\/dt>\n<dd>81\u00a0kg<\/dd>\n<dt>Rumpfgewicht<\/dt>\n<dd>59\u00a0kg<\/dd>\n<dt>Max. Zuladung<\/dt>\n<dd>175\u00a0kg<\/dd>\n<dt>Segelfl\u00e4che<\/dt>\n<dd>Gro\u00df: 7.06\u00a0m\u00b2<\/dd>\n<\/dl>\n","protected":false},"excerpt":{"rendered":"<p>Klaus &amp; Elsa sind die kleinsten Schiffe des ASV. An der Wakenitz sind sie f\u00fcr den kleinen Spa\u00df zwischendurch gedacht. Klaus &amp;Elsa Segeljolle vom Typ Laser 1 L\u00e4nge 4.23\u00a0m Breite 1.42\u00a0m Tiefgang 0.90\u00a0m Leergewicht (segelfertig) 81\u00a0kg Rumpfgewicht 59\u00a0kg Max. Zuladung 175\u00a0kg Segelfl\u00e4che Gro\u00df: 7.06\u00a0m\u00b2<\/p>\n","protected":false},"author":1,"featured_media":0,"parent":0,"menu_order":0,"comment_status":"closed","ping_status":"closed","template":"","meta":{"_mc_calendar":[],"footnotes":""},"class_list":["post-43","page","type-page","status-publish","hentry"],"_links":{"self":[{"href":"https:\/\/asv-luebeck.de\/index.php?rest_route=\/wp\/v2\/pages\/43","targetHints":{"allow":["GET"]}}],"collection":[{"href":"https:\/\/asv-luebeck.de\/index.php?rest_route=\/wp\/v2\/pages"}],"about":[{"href":"https:\/\/asv-luebeck.de\/index.php?rest_route=\/wp\/v2\/types\/page"}],"author":[{"embeddable":true,"href":"https:\/\/asv-luebeck.de\/index.php?rest_route=\/wp\/v2\/users\/1"}],"replies":[{"embeddable":true,"href":"https:\/\/asv-luebeck.de\/index.php?rest_route=%2Fwp%2Fv2%2Fcomments&post=43"}],"version-history":[{"count":2,"href":"https:\/\/asv-luebeck.de\/index.php?rest_route=\/wp\/v2\/pages\/43\/revisions"}],"predecessor-version":[{"id":1867,"href":"https:\/\/asv-luebeck.de\/index.php?rest_route=\/wp\/v2\/pages\/43\/revisions\/1867"}],"wp:attachment":[{"href":"https:\/\/asv-luebeck.de\/index.php?rest_route=%2Fwp%2Fv2%2Fmedia&parent=43"}],"curies":[{"name":"wp","href":"https:\/\/api.w.org\/{rel}","templated":true}]}}