{"id":50,"date":"2012-07-21T18:11:14","date_gmt":"2012-07-21T18:11:14","guid":{"rendered":"http:\/\/www.asv-luebeck.de\/?page_id=50"},"modified":"2025-12-26T08:32:48","modified_gmt":"2025-12-26T07:32:48","slug":"ansprechpartner","status":"publish","type":"page","link":"https:\/\/asv-luebeck.de\/?page_id=50","title":{"rendered":"Ansprechpartner"},"content":{"rendered":"<h3>Du hast Lust auf Segeln?<\/h3>\n<p>Unsere <strong>Ausbildungswartin<\/strong> ist Ansprechpartner f\u00fcr Interessenten betreffend allgemeinen Infos zu Probesegeln und Ausbildung (Ausbildungssegeln, Navigationskurs, etc.). Schreib ihr einfach eine <a href=\"mailto:info@asv-luebeck.de\">Mail<\/a>.<\/p>\n<h3><span style=\"color: #800000;\">Vorstand<\/span><\/h3>\n<p>gew\u00e4hlt f\u00fcr 2025 bei der Jahreshauptversammlung im Dezember 2024.<\/p>\n<p><span style=\"color: #003366;\"><strong>St\u00e4ndiger Vorsitzender<\/strong><\/span><\/p>\n<ul>\n<li><strong>Dr. Joachim Weimer<\/strong><\/li>\n<\/ul>\n<p>Der St\u00e4ndige Vorsitzende vertritt den Verein gerichtlich und au\u00dfergerichtlich. Als dauerhafter Teil des Vorstands wird die Entwicklung des Vereins wesentlich mitgestaltet.<\/p>\n<p><span style=\"color: #003366;\"><strong>Studentische Vorsitzende<\/strong><\/span><\/p>\n<ul>\n<li><strong>Raja Hollnagel<\/strong><\/li>\n<\/ul>\n<p>Die Studentische Vorsitzende ist Obfrau der Ordentlichen Mitglieder, vertritt den Verein gegen\u00fcber den akademischen Beh\u00f6rden und repr\u00e4sentiert diesen nach au\u00dfen hin. Dabei ist auch die Leitung des Tagesgesch\u00e4fts des Vereins &#8211; wie die Organisation von Aktionen &#8211; Teil des Aufgabenbereichs.<\/p>\n<p><span style=\"color: #003366;\"><strong>Schriftf\u00fchrerin<\/strong><\/span><\/p>\n<ul>\n<li><strong>Solvej Oberhof<br \/><\/strong><\/li>\n<\/ul>\n<p>Die Schriftf\u00fchrerin erledigt die anfallenden schriftlichen Arbeiten, speziell das Schreiben von Protokollen und Verwalten von Vereinspost.<\/p>\n<p><span style=\"color: #003366;\"><strong>Schatzmeister<\/strong><\/span><\/p>\n<ul>\n<li><strong>Jens Hamschmidt<br \/><\/strong><\/li>\n<\/ul>\n<p>Der Schatzmeister ist verantwortlich f\u00fcr die finanziellen Angelegenheiten des Vereins.<\/p>\n<p><span style=\"color: #003366;\"><strong>Takelmeister<\/strong><\/span><\/p>\n<ul>\n<li><strong>Henry Hausberg<\/strong><\/li>\n<\/ul>\n<p>Der Takelmeister verwaltet das seglerische Eigentum des Vereins und organisiert alle Arbeiten die speziell zur Indienst- und Au\u00dferdienststellung anfallen. Wichtig ist dabei die Kommunikation zu den Bootswarten. Au\u00dferdem ist seine Aufgabe der \u00dcberblick \u00fcber die T\u00f6rnplanung, in Kommunikation mit den jeweiligen PatentinhaberInnen.<\/p>\n<p><span style=\"color: #003366;\"><strong>Beisitzer (OM)<\/strong><\/span><\/p>\n<ul>\n<li><strong>Charlotte Schmidt-Thomsen<\/strong><\/li>\n<\/ul>\n<p>Vertritt die Interessen der (studentischen,) ordentlichen Mitglieder im Vorstand. Alle Beisitzer unterst\u00fctzen und erg\u00e4nzen dabei den Vorstand.<\/p>\n<p><span style=\"color: #003366;\"><strong>Beisitzer (ADAH)<\/strong><\/span><\/p>\n<ul>\n<li><strong>Frieder Sohrt<\/strong><\/li>\n<\/ul>\n<p>Vertritt die Alten Damen und Alten Herren im Vorstand.<\/p>\n<p><span style=\"color: #003366;\"><strong>Beisitzer (AOM)<\/strong><\/span><\/p>\n<ul>\n<li><strong>Thorsten M\u00f6ller-Reichenbach<br \/><\/strong><\/li>\n<\/ul>\n<p>Vertritt die Au\u00dferordentlichen Mitglieder im Vorstand.<\/p>\n<h3>\u00a0<\/h3>\n<h3><span style=\"color: #800000;\">Bootswarte<\/span><\/h3>\n<p>Die Bootswarte k\u00fcmmern sich um die Instandhaltung der Boote.<\/p>\n<dl>\n<dt><span style=\"color: #003366;\"><strong>Wiking VIII<\/strong><\/span><\/dt>\n<dd>Josephine Oettinger, Anja Schr\u00f6ppel<\/dd>\n<dt><strong><span style=\"color: #003366;\">Frithjof II<\/span><\/strong><\/dt>\n<dd>Julius H\u00f6ft<\/dd>\n<dt><strong><span style=\"color: #003366;\">Sprotte \/ Ausbildungsschiff<\/span><br \/><\/strong><\/dt>\n<dd>Leander Lorenz<\/dd>\n<dt><strong><span style=\"color: #003366;\">Klaus &amp; Elsa<\/span><\/strong><\/dt>\n<dd>Finja Wargenau<\/dd>\n<\/dl>\n<h3>\u00a0<\/h3>\n<h3><span style=\"color: #800000;\">Weitere Posten<\/span><\/h3>\n<dl>\n<dt><span style=\"color: #003366;\"><strong>Ausbildungswartin<\/strong><\/span><\/dt>\n<dd>Markus Gnauck<\/dd>\n<dt><strong><span style=\"color: #003366;\">Verbandsbeauftragte<\/span><br \/><\/strong><\/dt>\n<dd>Nina Huber<\/dd>\n<dt><span style=\"color: #003366;\"><strong>Medienwart<\/strong><\/span><\/dt>\n<dd>Charlotte Schmidt-Thomsen<\/dd>\n<dt><\/dt>\n<\/dl>\n<h3>\u00a0<\/h3>\n<h3><span style=\"color: #800000;\">Verwendung unserer E-Mailadressen<\/span><\/h3>\n<p>Unsere E-Mailadresse <a href=\"mailto:info@asv-luebeck.de\">info@asv-luebeck.de<\/a> wendet sich an am Verein und dem Segeln mit uns interessierte Personen. F\u00fcr Werbung jeglicher Art ist diese E-Mailadresse nicht zu verwenden.<\/p>\n\n\n<p><\/p>\n","protected":false},"excerpt":{"rendered":"<p>\t\t\t\tHier findest du alle Ansprechpartner rund um unseren Verein. Einfach mal reinschauen!\t\t<\/p>\n","protected":false},"author":1,"featured_media":0,"parent":8,"menu_order":0,"comment_status":"closed","ping_status":"open","template":"","meta":{"_mc_calendar":[],"footnotes":""},"class_list":["post-50","page","type-page","status-publish","hentry"],"_links":{"self":[{"href":"https:\/\/asv-luebeck.de\/index.php?rest_route=\/wp\/v2\/pages\/50","targetHints":{"allow":["GET"]}}],"collection":[{"href":"https:\/\/asv-luebeck.de\/index.php?rest_route=\/wp\/v2\/pages"}],"about":[{"href":"https:\/\/asv-luebeck.de\/index.php?rest_route=\/wp\/v2\/types\/page"}],"author":[{"embeddable":true,"href":"https:\/\/asv-luebeck.de\/index.php?rest_route=\/wp\/v2\/users\/1"}],"replies":[{"embeddable":true,"href":"https:\/\/asv-luebeck.de\/index.php?rest_route=%2Fwp%2Fv2%2Fcomments&post=50"}],"version-history":[{"count":29,"href":"https:\/\/asv-luebeck.de\/index.php?rest_route=\/wp\/v2\/pages\/50\/revisions"}],"predecessor-version":[{"id":2553,"href":"https:\/\/asv-luebeck.de\/index.php?rest_route=\/wp\/v2\/pages\/50\/revisions\/2553"}],"up":[{"embeddable":true,"href":"https:\/\/asv-luebeck.de\/index.php?rest_route=\/wp\/v2\/pages\/8"}],"wp:attachment":[{"href":"https:\/\/asv-luebeck.de\/index.php?rest_route=%2Fwp%2Fv2%2Fmedia&parent=50"}],"curies":[{"name":"wp","href":"https:\/\/api.w.org\/{rel}","templated":true}]}}