{"id":501,"date":"2014-01-26T19:25:07","date_gmt":"2014-01-26T18:25:07","guid":{"rendered":"http:\/\/www.asv-luebeck.de\/?page_id=501"},"modified":"2023-11-13T22:19:57","modified_gmt":"2023-11-13T21:19:57","slug":"regatta","status":"publish","type":"page","link":"https:\/\/asv-luebeck.de\/?page_id=501","title":{"rendered":"Regatta"},"content":{"rendered":"<p align=\"LEFT\">Im ASV besteht nicht nur die M\u00f6glichkeit das Segeln zu erlernen und T\u00f6rns zu segeln. \u00dcber den Verein, Schiffseigner im Verein oder von Extern k\u00f6nnen ASVler auf unterschiedlichsten Regatten mitsegeln.<\/p>\n<p align=\"LEFT\">Regelm\u00e4\u00dfig bietet sich die M\u00f6glichkeit an Mittwochsregatten zum \u00dcben vor Travem\u00fcnde oder Schlutup mitzusegeln, beim Ostseecup in n\u00e4herer K\u00fcstenumgebung oder etwa bei unserer Mast- &amp; Schotbruchregatta.<\/p>\n<p align=\"LEFT\">In den vergangenen Jahren und haben unsere Aktiven etwa an folgenden Regatten teilgenommen:<\/p>\n<ul>\n<li>Ostseecup (Maibock, Rund Fehmarn, Neustadt Mittsommernacht, Travem\u00fcnder Woche, &#8230;)<\/li>\n<li>24h-Regatta in Hamburg<\/li>\n<li>Kieler Woche<\/li>\n<li>Internationale deutsche Meisterschaften Seesegeln<\/li>\n<li>Nachwuchsregatta Kiel &#8211; Travem\u00fcnde<\/li>\n<\/ul>\n<p>Mit unserem Ausbildungsboot Sprotte werden regelm\u00e4\u00dfig Wettfahrten gesegelt, neben der Mittwochsregatta stehen dabei im Ostseecup die Maibock, Fehmarn Rund, Travem\u00fcnder Woche oder die Niendorfer Kielboot auf dem Kalender.<\/p>\n<h5 align=\"LEFT\">Unsere Traditionelle Mast- &amp; Schotbruchgeratta<\/h5>\n<p align=\"LEFT\">Das Jahr 2013 war ein schweres Jahr f\u00fcr unseren kleinen ASV in L\u00fcbeck. Unser damaliges Flaggschiff hat auf seiner Sommerreise seinen Mast verloren. Der Traum von einem gro\u00dfen Sommert\u00f6rn, den wir mit so viel Engagement organisiert hatten \u2013 in den Stockholmer Sch\u00e4ren versenkt. Aus diesem Anlass haben wir den neuen Mast 2014 zum ersten Mal mit einer z\u00fcnftigen Regatta gefeiert. Bei bestem Segelwetter tummelten sich 10 Schiffe an der Startlinie, bevor es auf die Regattastrecke ging. Die Begeisterung war bei jedem zu sp\u00fcren und so war klar, dass es eine Fortsetzung geben wird.<br \/>Traditionen begr\u00fcnden sich bekanntlich ja schnell und so ist die Regatta fester Teil und ein besonderes Highlight des Jahres geworden.<\/p>\n<p align=\"LEFT\">Wir hoffen auf zahlreiche Teilnahme, denn nur mit vielen Schiffen wird die Veranstaltung ein Erfolg. Meldeberechtigt ist jedes ASV-Mitglied oder Verbandsmitglied, welches ein Schiff stellen kann. Nat\u00fcrlich sollen freie Crewpl\u00e4tze an Mitglieder vergeben werden, die sich selbst kein eigenes Gef\u00e4hrt organisieren konnten. Zur sicheren Planung bitten wir daher um <strong>rechtzeitige<\/strong>, verbindliche <strong>Anmeldung<\/strong>.<\/p>\n<p align=\"LEFT\">Die Meldung erfolgt <strong>per Email<\/strong> an <strong><a href=\"mailto:info@asv-luebeck.de\" target=\"_blank\" rel=\"noopener noreferrer\">info@asv-luebeck.de<\/a><\/strong>.<\/p>\n<p align=\"LEFT\"><strong>Im Anschluss<\/strong> wird es eine Abschlussveranstaltung im Sinne eines <strong>Sommerfestgrillens am Picknick-Platz<\/strong>\u00a0im Passathafen geben, f\u00fcr das man sich auch separat anmelden kann. Getr\u00e4nke werden entsprechend des eigenen Verbrauches nach unserem Prinzip der Biergeldkasse abgegolten.<\/p>\n<p align=\"LEFT\"><strong>Links zu vergangenen Regatten:<\/strong><\/p>\n<p><a href=\"http:\/\/www.asv-hamburg.de\/index.php\/regattasegeln\/24-stunden-regatta\" target=\"_blank\" rel=\"noopener noreferrer\">24-Stunden-Regatta vom ASV Hamburg<\/a><\/p>\n<p><a href=\"https:\/\/www.kyc.de\/home\/regatten\/regatta-commodore-cup\/\" target=\"_blank\" rel=\"noopener noreferrer\">Regatta Kiel-Travem\u00fcnde<\/a><\/p>\n<p><a href=\"https:\/\/www.offshore-youngsters.de\/\" target=\"_blank\" rel=\"noopener noreferrer\">Offshore Youngsters<\/a><\/p>\n\n\n<p><\/p>\n","protected":false},"excerpt":{"rendered":"<p>Im ASV besteht nicht nur die M\u00f6glichkeit das Segeln zu erlernen und T\u00f6rns zu segeln. \u00dcber den Verein, Schiffseigner im Verein oder von Extern k\u00f6nnen ASVler auf unterschiedlichsten Regatten mitsegeln. Regelm\u00e4\u00dfig bietet sich die M\u00f6glichkeit an Mittwochsregatten zum \u00dcben vor Travem\u00fcnde oder Schlutup mitzusegeln, beim Ostseecup in n\u00e4herer K\u00fcstenumgebung oder etwa bei unserer Mast- &amp; [&hellip;]<\/p>\n","protected":false},"author":1,"featured_media":0,"parent":0,"menu_order":0,"comment_status":"closed","ping_status":"open","template":"","meta":{"_mc_calendar":[],"footnotes":""},"class_list":["post-501","page","type-page","status-publish","hentry"],"_links":{"self":[{"href":"https:\/\/asv-luebeck.de\/index.php?rest_route=\/wp\/v2\/pages\/501","targetHints":{"allow":["GET"]}}],"collection":[{"href":"https:\/\/asv-luebeck.de\/index.php?rest_route=\/wp\/v2\/pages"}],"about":[{"href":"https:\/\/asv-luebeck.de\/index.php?rest_route=\/wp\/v2\/types\/page"}],"author":[{"embeddable":true,"href":"https:\/\/asv-luebeck.de\/index.php?rest_route=\/wp\/v2\/users\/1"}],"replies":[{"embeddable":true,"href":"https:\/\/asv-luebeck.de\/index.php?rest_route=%2Fwp%2Fv2%2Fcomments&post=501"}],"version-history":[{"count":5,"href":"https:\/\/asv-luebeck.de\/index.php?rest_route=\/wp\/v2\/pages\/501\/revisions"}],"predecessor-version":[{"id":2321,"href":"https:\/\/asv-luebeck.de\/index.php?rest_route=\/wp\/v2\/pages\/501\/revisions\/2321"}],"wp:attachment":[{"href":"https:\/\/asv-luebeck.de\/index.php?rest_route=%2Fwp%2Fv2%2Fmedia&parent=501"}],"curies":[{"name":"wp","href":"https:\/\/api.w.org\/{rel}","templated":true}]}}