{"id":57,"date":"2012-07-21T18:18:53","date_gmt":"2012-07-21T16:18:53","guid":{"rendered":"http:\/\/www.asv-luebeck.de\/?page_id=57"},"modified":"2023-11-13T22:05:55","modified_gmt":"2023-11-13T21:05:55","slug":"ausbildungssegeln","status":"publish","type":"page","link":"https:\/\/asv-luebeck.de\/?page_id=57","title":{"rendered":"Ausbildungssegeln"},"content":{"rendered":"<p><strong>Ausbildungssegeln im Sommersemester ab Anfang Mai<br \/><\/strong><\/p>\n<p>F\u00fcr Neulinge, Neugierige und Neueinsteiger ist das Ausbildungssegeln eine wichtige Grundlage, um sp\u00e4ter mal selbst ein Schiff zu segeln. Wer Lust hat, kann hier von unseren \u201ealten Hasen\u201c alles Praktische rund ums Segeln lernen und erfahren. Je nach Wind und Wetter treffen sich Sch\u00fcler und Kursleiter einmal w\u00f6chentlich zum Ausfahren und Man\u00f6vrieren in der Travem\u00fcnder Bucht. Unsere Kieljolle \u201e<a href=\"https:\/\/asv-luebeck.de\/?page_id=1516\">Sprotte<\/a>\u201c ist daf\u00fcr bestens geeignet und hat schon vielen Mitgliedern den Einstieg in eine sichere Segelkarriere erm\u00f6glicht. Das Ausbildungssegeln ist bereits seit \u00fcber 100 Jahren ein wichtiger Dreh- und Angelpunkt in unserem Verein und bietet eine exzellente M\u00f6glichkeit, das Segeln kennen zu lernen und f\u00fcr sich zu entdecken. Neugierig geworden? Dann schreibt uns an: <a title=\"Neugikeiten und T\u00f6rnberichte\" href=\"mailto:info@asv-luebeck.de\">info@asv-luebeck.de<\/a>.<\/p>\n\n\n<p><\/p>\n","protected":false},"excerpt":{"rendered":"<p>Ab dem Sommersemester startet wieder unser Ausbildungssegeln. Jetzt informieren!\t\t<\/p>\n","protected":false},"author":1,"featured_media":0,"parent":61,"menu_order":0,"comment_status":"closed","ping_status":"closed","template":"","meta":{"_mc_calendar":[],"footnotes":""},"class_list":["post-57","page","type-page","status-publish","hentry"],"_links":{"self":[{"href":"https:\/\/asv-luebeck.de\/index.php?rest_route=\/wp\/v2\/pages\/57","targetHints":{"allow":["GET"]}}],"collection":[{"href":"https:\/\/asv-luebeck.de\/index.php?rest_route=\/wp\/v2\/pages"}],"about":[{"href":"https:\/\/asv-luebeck.de\/index.php?rest_route=\/wp\/v2\/types\/page"}],"author":[{"embeddable":true,"href":"https:\/\/asv-luebeck.de\/index.php?rest_route=\/wp\/v2\/users\/1"}],"replies":[{"embeddable":true,"href":"https:\/\/asv-luebeck.de\/index.php?rest_route=%2Fwp%2Fv2%2Fcomments&post=57"}],"version-history":[{"count":4,"href":"https:\/\/asv-luebeck.de\/index.php?rest_route=\/wp\/v2\/pages\/57\/revisions"}],"predecessor-version":[{"id":2318,"href":"https:\/\/asv-luebeck.de\/index.php?rest_route=\/wp\/v2\/pages\/57\/revisions\/2318"}],"up":[{"embeddable":true,"href":"https:\/\/asv-luebeck.de\/index.php?rest_route=\/wp\/v2\/pages\/61"}],"wp:attachment":[{"href":"https:\/\/asv-luebeck.de\/index.php?rest_route=%2Fwp%2Fv2%2Fmedia&parent=57"}],"curies":[{"name":"wp","href":"https:\/\/api.w.org\/{rel}","templated":true}]}}