{"id":59,"date":"2012-07-21T18:18:33","date_gmt":"2012-07-21T18:18:33","guid":{"rendered":"http:\/\/www.asv-luebeck.de\/?page_id=59"},"modified":"2023-11-13T22:03:25","modified_gmt":"2023-11-13T21:03:25","slug":"navigationskurs","status":"publish","type":"page","link":"https:\/\/asv-luebeck.de\/?page_id=59","title":{"rendered":"Navigationskurs"},"content":{"rendered":"<p>Das Wintersemester, wenn unsere Schiffe im Winterlager liegen, bietet eine gute Zeit sich als Neuling in die Theorie einzuarbeiten. Dazu bietet der ASV einen w\u00f6chentlichen Kurs auf dem Uni-Campus, der die Grundlagen f\u00fcr das verantwortungsbewusste F\u00fchren eines Segelbootes in K\u00fcstengew\u00e4ssern vermittelt.\u00a0 An sechs Terminen werden die Themen Segeltheorie, Knoten, Navigation, Wetter, Seerecht und die Pr\u00fcfungsvorbereitung von Vereinsmitgliedern behandelt.Der Kurs bereitet insgesamt auf die Teilnahme am praktischen <a title=\"Ausbildungssegeln\" href=\"https:\/\/asv-luebeck.de\/?page_id=57\">Ausbildungssegeln<\/a> vor.<\/p>\n<p>Als Abschluss des Kurses kann gemeinsam die Pr\u00fcfung zum <a title=\"Sportbootf\u00fchrerschein See (Wikipedia)\" href=\"http:\/\/de.wikipedia.org\/wiki\/Sportbootf%C3%BChrerschein_See\">Sportbootf\u00fchrerschein See<\/a>\u00a0abgelegt werden. Wir helfen euch bei der Koordination zu den einzelnen Pr\u00fcfungsterminen, die der <a title=\"PA L\u00fcbeck\" href=\"https:\/\/www.sportbootfuehrerscheine.org\/pruefungen\/pruefungsausschuesse\/luebeck\/\" target=\"_blank\" rel=\"noopener noreferrer\">Pr\u00fcfungsausschuss f\u00fcr amtliche Sportbootf\u00fchrerscheine L\u00fcbeck<\/a> anbietet.<\/p>\n<p>Entsprechend den Zielen des Vereins, richtet sich das Angebot in erster Linie, jedoch nicht ausschlie\u00dflich, an die Studierenden der L\u00fcbecker Hochschulen. Die Teilnahme steht dabei sowohl Mitgliedern als auch Nichtmitgliedern offen und ist kostenlos.<\/p>\n<p>Zur Anmeldung und\/oder weiteren Informationen schreibt einfach eine eMail an\u00a0<a href=\"mailto:info@asv-luebeck.de\">info@asv-luebeck.de<\/a>.<\/p>\n<figure id=\"attachment_174\" aria-describedby=\"caption-attachment-174\" style=\"width: 270px\" class=\"wp-caption alignleft\"><a href=\"https:\/\/asv-luebeck.de\/wp-content\/uploads\/2012\/07\/nav1-cut.jpg\"><img loading=\"lazy\" decoding=\"async\" class=\"  wp-image-174\" title=\"moderne Navigation\" src=\"http:\/\/www.asv-luebeck.de\/wp-content\/uploads\/2012\/07\/nav1-cut-300x200.jpg\" alt=\"moderne Navigation\" width=\"270\" height=\"180\" srcset=\"https:\/\/asv-luebeck.de\/wp-content\/uploads\/2012\/07\/nav1-cut-300x200.jpg 300w, https:\/\/asv-luebeck.de\/wp-content\/uploads\/2012\/07\/nav1-cut-768x512.jpg 768w, https:\/\/asv-luebeck.de\/wp-content\/uploads\/2012\/07\/nav1-cut-1024x683.jpg 1024w, https:\/\/asv-luebeck.de\/wp-content\/uploads\/2012\/07\/nav1-cut.jpg 1200w\" sizes=\"auto, (max-width: 270px) 100vw, 270px\" \/><\/a><figcaption id=\"caption-attachment-174\" class=\"wp-caption-text\">moderne Navigation: Bei einer Nachtfahrt an Bord.<\/figcaption><\/figure>\n<figure id=\"attachment_175\" aria-describedby=\"caption-attachment-175\" style=\"width: 270px\" class=\"wp-caption alignleft\"><a href=\"https:\/\/asv-luebeck.de\/wp-content\/uploads\/2012\/07\/nav2-cut.jpg\"><img loading=\"lazy\" decoding=\"async\" class=\"  wp-image-175\" title=\"klassische Navigation\" src=\"http:\/\/www.asv-luebeck.de\/wp-content\/uploads\/2012\/07\/nav2-cut-300x200.jpg\" alt=\"\" width=\"270\" height=\"180\" srcset=\"https:\/\/asv-luebeck.de\/wp-content\/uploads\/2012\/07\/nav2-cut-300x200.jpg 300w, https:\/\/asv-luebeck.de\/wp-content\/uploads\/2012\/07\/nav2-cut-768x512.jpg 768w, https:\/\/asv-luebeck.de\/wp-content\/uploads\/2012\/07\/nav2-cut-1024x683.jpg 1024w, https:\/\/asv-luebeck.de\/wp-content\/uploads\/2012\/07\/nav2-cut.jpg 1200w\" sizes=\"auto, (max-width: 270px) 100vw, 270px\" \/><\/a><figcaption id=\"caption-attachment-175\" class=\"wp-caption-text\">klassische Navigation: Der Kompass<\/figcaption><\/figure>\n","protected":false},"excerpt":{"rendered":"<p>Das Wintersemester, wenn unsere Schiffe im Winterlager liegen, bietet eine gute Zeit sich als Neuling in die Theorie einzuarbeiten. Dazu bietet der ASV einen w\u00f6chentlichen Kurs auf dem Uni-Campus, der die Grundlagen f\u00fcr das verantwortungsbewusste F\u00fchren eines Segelbootes in K\u00fcstengew\u00e4ssern vermittelt.\u00a0 An sechs Terminen werden die Themen Segeltheorie, Knoten, Navigation, Wetter, Seerecht und die Pr\u00fcfungsvorbereitung [&hellip;]<\/p>\n","protected":false},"author":1,"featured_media":0,"parent":61,"menu_order":0,"comment_status":"closed","ping_status":"open","template":"","meta":{"_mc_calendar":[],"footnotes":""},"class_list":["post-59","page","type-page","status-publish","hentry"],"_links":{"self":[{"href":"https:\/\/asv-luebeck.de\/index.php?rest_route=\/wp\/v2\/pages\/59","targetHints":{"allow":["GET"]}}],"collection":[{"href":"https:\/\/asv-luebeck.de\/index.php?rest_route=\/wp\/v2\/pages"}],"about":[{"href":"https:\/\/asv-luebeck.de\/index.php?rest_route=\/wp\/v2\/types\/page"}],"author":[{"embeddable":true,"href":"https:\/\/asv-luebeck.de\/index.php?rest_route=\/wp\/v2\/users\/1"}],"replies":[{"embeddable":true,"href":"https:\/\/asv-luebeck.de\/index.php?rest_route=%2Fwp%2Fv2%2Fcomments&post=59"}],"version-history":[{"count":8,"href":"https:\/\/asv-luebeck.de\/index.php?rest_route=\/wp\/v2\/pages\/59\/revisions"}],"predecessor-version":[{"id":2316,"href":"https:\/\/asv-luebeck.de\/index.php?rest_route=\/wp\/v2\/pages\/59\/revisions\/2316"}],"up":[{"embeddable":true,"href":"https:\/\/asv-luebeck.de\/index.php?rest_route=\/wp\/v2\/pages\/61"}],"wp:attachment":[{"href":"https:\/\/asv-luebeck.de\/index.php?rest_route=%2Fwp%2Fv2%2Fmedia&parent=59"}],"curies":[{"name":"wp","href":"https:\/\/api.w.org\/{rel}","templated":true}]}}