{"id":8,"date":"2012-07-21T17:23:36","date_gmt":"2012-07-21T15:23:36","guid":{"rendered":"http:\/\/www.asv-luebeck.de\/?page_id=8"},"modified":"2025-11-27T21:47:53","modified_gmt":"2025-11-27T20:47:53","slug":"der-verein","status":"publish","type":"page","link":"https:\/\/asv-luebeck.de\/?page_id=8","title":{"rendered":"Der Verein"},"content":{"rendered":"\n<p>Wir, der Akademische Segelverein (ASV) zu L\u00fcbeck e.V. sind ein gemeinn\u00fctziger Verein, der Euch Studis der L\u00fcbecker Hochschulen das See-Segeln n\u00e4her bringen m\u00f6chte. Das kann erst mal auch ganz ungezwungen als Mitsegeln bei einem kurzen oder l\u00e4ngeren T\u00f6rn erfolgen oder mit Ausbildung in Theorie und Praxis zur \u201eF\u00fchrerschein\u201c Vorbereitung dienen. Ziel ist es die Mitglieder zu Bootsf\u00fchrern\/Skippern auszubilden.<\/p>\n\n\n\n<p>In der Sommersaison wird unter der Woche tageweise von Travem\u00fcnde aus gesegelt. Auch Wochenendt\u00f6rns geh\u00f6ren zum Repertoire. In den Sommersemesterferien organisieren wir meist einen Kettent\u00f6rn mit unserem Flaggschiff, der Wiking VIII zu den unterschiedlichsten Zielen in Nord-u Ostsee. K\u00fcrzere Ostseet\u00f6rns bis D\u00e4nemark finden mit unserem kleinen Kreuzer Frithjof statt. Etwas sportlich ambitioniert und zu Ausbildungszwecken ist unser \u201edaysailer\u201c Sprotte am Start. Auf der Wakenitz im L\u00fcbecker Stadtgebiet kann auf zwei kleinen Jollen Elsa und Klaus mal eben schnell zwischendurch gesegelt werden. Ausf\u00fchrlichere Informationen zu unserer Flotte findet ihr unter dem Tab &#8222;Schiffe&#8220;.<\/p>\n\n\n\n<p>Zur Ausbildung bieten wir jedes Jahr im Winter einen Navigationskurs zur theoretischen Vorbereitung auf den SBF See an. Im Sommerhalbjahr folgt das Ausbildungssegeln auf der Ostsee, bei dem einmal w\u00f6chentlich die Grundz\u00fcge des Segelns erlernt werden. Zus\u00e4tzlich finden sich regelm\u00e4\u00dfig Gruppen zusammen um gemeinsam den SKS, SSS oder SRC abzulegen. Die Ausbildung neuer Mitglieder erfolgt \u00fcberwiegend durch andere Studierende.<\/p>\n\n\n\n<p>Zum Segeln geh\u00f6rt nat\u00fcrlich auch die Bootspflege, &#8211; reparatur und -wartung. Die meisten Arbeiten an unseren Booten im Winterlager \u00fcbernehmen wie selbst. Auch die Vereinsorganisation liegt zum gr\u00f6\u00dften Teil in studentischen H\u00e4nden.<\/p>\n\n\n\n<p>Zudem gibt es eine Reihe erfahrener \u00e4lterer Mitglieder, die in vielen Belangen wie z.B. T\u00f6rnplanung und T\u00f6rndurchf\u00fchrung, Ausbildung und Bootspflege und -wartung ihre Expertise mit einbringen.<\/p>\n\n\n\n<p>Dies alles k\u00f6nnen wir zu studierendenfreundlichen Preisen nur dank der Spenden ehemaliger L\u00fcbecker Studenten und langj\u00e4hriger Mitglieder anbieten, die dem Verein auch abseits vom aktivem Segeln die Treue halten und somit der n\u00e4chsten Generation Studierender das Seesegeln im ASV erm\u00f6glichen. Das ist f\u00fcr uns Studierende eine einmalige Chance zum Segeln. Wenn du also als Studierender von dieser Chance Gebrauch machst, solltest du auch nach deinem Studentendasein Mitglied bleiben, um k\u00fcnftigen Studenten gleiche Chancen zu bieten.<\/p>\n\n\n\n<p>Wir sind Mitglied im Verband akademischer Segelvereine (VASV) was einen regen Austausch und freundschaftliche Kontakte mit Vereinen in ganz Deutschland erm\u00f6glicht. Als Mitglied eines ASVs segelst du bei den Verbandsvereinen zu Mitgliedskonditionen mit.<\/p>\n","protected":false},"excerpt":{"rendered":"<p>Wir, der Akademische Segelverein (ASV) zu L\u00fcbeck e.V. sind ein gemeinn\u00fctziger Verein, der Euch Studis der L\u00fcbecker Hochschulen das See-Segeln n\u00e4her bringen m\u00f6chte. Das kann erst mal auch ganz ungezwungen als Mitsegeln bei einem kurzen oder l\u00e4ngeren T\u00f6rn erfolgen oder mit Ausbildung in Theorie und Praxis zur \u201eF\u00fchrerschein\u201c Vorbereitung dienen. Ziel ist es die Mitglieder [&hellip;]<\/p>\n","protected":false},"author":1,"featured_media":0,"parent":0,"menu_order":0,"comment_status":"closed","ping_status":"closed","template":"","meta":{"_mc_calendar":[],"footnotes":""},"class_list":["post-8","page","type-page","status-publish","hentry"],"_links":{"self":[{"href":"https:\/\/asv-luebeck.de\/index.php?rest_route=\/wp\/v2\/pages\/8","targetHints":{"allow":["GET"]}}],"collection":[{"href":"https:\/\/asv-luebeck.de\/index.php?rest_route=\/wp\/v2\/pages"}],"about":[{"href":"https:\/\/asv-luebeck.de\/index.php?rest_route=\/wp\/v2\/types\/page"}],"author":[{"embeddable":true,"href":"https:\/\/asv-luebeck.de\/index.php?rest_route=\/wp\/v2\/users\/1"}],"replies":[{"embeddable":true,"href":"https:\/\/asv-luebeck.de\/index.php?rest_route=%2Fwp%2Fv2%2Fcomments&post=8"}],"version-history":[{"count":8,"href":"https:\/\/asv-luebeck.de\/index.php?rest_route=\/wp\/v2\/pages\/8\/revisions"}],"predecessor-version":[{"id":2527,"href":"https:\/\/asv-luebeck.de\/index.php?rest_route=\/wp\/v2\/pages\/8\/revisions\/2527"}],"wp:attachment":[{"href":"https:\/\/asv-luebeck.de\/index.php?rest_route=%2Fwp%2Fv2%2Fmedia&parent=8"}],"curies":[{"name":"wp","href":"https:\/\/api.w.org\/{rel}","templated":true}]}}