{"id":803,"date":"2016-04-26T22:31:29","date_gmt":"2016-04-26T20:31:29","guid":{"rendered":"http:\/\/www.asv-luebeck.de\/?page_id=803"},"modified":"2025-10-07T08:51:24","modified_gmt":"2025-10-07T06:51:24","slug":"wikingviii","status":"publish","type":"page","link":"https:\/\/asv-luebeck.de\/?page_id=803","title":{"rendered":"Wiking VIII"},"content":{"rendered":"\n<figure class=\"wp-block-image\"><img loading=\"lazy\" decoding=\"async\" width=\"680\" height=\"1024\" src=\"https:\/\/asv-luebeck.de\/wp-content\/uploads\/2018\/05\/Wiking-Wismarbucht-12-e1527669057958-680x1024.jpg\" alt=\"\" class=\"wp-image-1571\" srcset=\"https:\/\/asv-luebeck.de\/wp-content\/uploads\/2018\/05\/Wiking-Wismarbucht-12-e1527669057958-680x1024.jpg 680w, https:\/\/asv-luebeck.de\/wp-content\/uploads\/2018\/05\/Wiking-Wismarbucht-12-e1527669057958-199x300.jpg 199w, https:\/\/asv-luebeck.de\/wp-content\/uploads\/2018\/05\/Wiking-Wismarbucht-12-e1527669057958-768x1156.jpg 768w\" sizes=\"auto, (max-width: 680px) 100vw, 680px\" \/><figcaption class=\"wp-element-caption\">\t\t\t\t\t\t<\/figcaption><\/figure>\n\n\n\n<p>\nSeit April 2018 haben wir ein Neues Flaggschiff im Verein. Nach knapp \nzweieinhalb Jahren des Vorbereitens, Organisierens, \u00dcberlegungen zur \nFinanzierung und letztlich Verkauf der alten Wiking VII ist nach der \nerfolgreichen Suche um ein Nachfolgeschiff ist die Entscheidung auf eine\n <strong>Luffe 43<\/strong> gefallen.\n\n<\/p>\n\n\n\n<p>Das Schiff hat eine gro\u00dfe Auswahl an Segeln in unterschiedlichen Gr\u00f6\u00dfen, segelt sehr gut (auch bei wenig Wind) und kombiniert die M\u00f6glichkeit des sportlichen Segelns mit dem Komfort einer Yacht die f\u00fcr lange T\u00f6rns geeignet ist.<\/p>\n\n\n\n<p>Bei k\u00fcrzeren T\u00f6rns k\u00f6nnen zus\u00e4tzlich zu den sechs festen Kojen zwei Personen im Salon schlafen. <\/p>\n\n\n\n<figure class=\"wp-block-gallery has-nested-images columns-default is-cropped wp-block-gallery-1 is-layout-flex wp-block-gallery-is-layout-flex\">\n<figure class=\"wp-block-image\"><img loading=\"lazy\" decoding=\"async\" width=\"943\" height=\"1024\" data-id=\"1672\" src=\"https:\/\/asv-luebeck.de\/wp-content\/uploads\/2018\/11\/DSC_0261-943x1024.jpg\" alt=\"\" class=\"wp-image-1672\" srcset=\"https:\/\/asv-luebeck.de\/wp-content\/uploads\/2018\/11\/DSC_0261-943x1024.jpg 943w, https:\/\/asv-luebeck.de\/wp-content\/uploads\/2018\/11\/DSC_0261-276x300.jpg 276w, https:\/\/asv-luebeck.de\/wp-content\/uploads\/2018\/11\/DSC_0261-768x834.jpg 768w\" sizes=\"auto, (max-width: 943px) 100vw, 943px\" \/><figcaption class=\"wp-element-caption\">\t\t\t\t\t\t<\/figcaption><\/figure>\n\n\n\n<figure class=\"wp-block-image\"><img loading=\"lazy\" decoding=\"async\" width=\"676\" height=\"1024\" data-id=\"1506\" src=\"https:\/\/asv-luebeck.de\/wp-content\/uploads\/2018\/04\/Foto-Wiking-676x1024.jpg\" alt=\"\" class=\"wp-image-1506\" srcset=\"https:\/\/asv-luebeck.de\/wp-content\/uploads\/2018\/04\/Foto-Wiking-676x1024.jpg 676w, https:\/\/asv-luebeck.de\/wp-content\/uploads\/2018\/04\/Foto-Wiking-198x300.jpg 198w, https:\/\/asv-luebeck.de\/wp-content\/uploads\/2018\/04\/Foto-Wiking-768x1163.jpg 768w, https:\/\/asv-luebeck.de\/wp-content\/uploads\/2018\/04\/Foto-Wiking.jpg 1216w\" sizes=\"auto, (max-width: 676px) 100vw, 676px\" \/><figcaption class=\"wp-element-caption\"><br>\t\t\t\t\t\t<\/figcaption><\/figure>\n<\/figure>\n\n\n\n<ul class=\"wp-block-list\">\n<li>Hersteller und Modell: Luffe 43<\/li>\n\n\n\n<li>Baujahr 1995<\/li>\n\n\n\n<li>Heimathafen: Passathafen, Travem\u00fcnde (Priwall)<\/li>\n\n\n\n<li>L\u00e4nge: 13,05 m &#8211; Breite: 3,68 m &#8211; Tiefgang: 2,10 m<\/li>\n\n\n\n<li>Trockengewicht: 7.000 kg<\/li>\n\n\n\n<li>Motor: Volvo Penta 29 PS, Diesel<\/li>\n\n\n\n<li>Anzahl Kabinen: 3<br>Anzahl Kojen: 6<br><\/li>\n<\/ul>\n\n\n\n<p><\/p>\n","protected":false},"excerpt":{"rendered":"<p>\t\t\t\t Alles zu unserem n\u00e4chsten Flaggschiff findest du hier. \t\t<\/p>\n","protected":false},"author":1,"featured_media":0,"parent":0,"menu_order":0,"comment_status":"closed","ping_status":"closed","template":"","meta":{"_mc_calendar":[],"footnotes":""},"class_list":["post-803","page","type-page","status-publish","hentry"],"_links":{"self":[{"href":"https:\/\/asv-luebeck.de\/index.php?rest_route=\/wp\/v2\/pages\/803","targetHints":{"allow":["GET"]}}],"collection":[{"href":"https:\/\/asv-luebeck.de\/index.php?rest_route=\/wp\/v2\/pages"}],"about":[{"href":"https:\/\/asv-luebeck.de\/index.php?rest_route=\/wp\/v2\/types\/page"}],"author":[{"embeddable":true,"href":"https:\/\/asv-luebeck.de\/index.php?rest_route=\/wp\/v2\/users\/1"}],"replies":[{"embeddable":true,"href":"https:\/\/asv-luebeck.de\/index.php?rest_route=%2Fwp%2Fv2%2Fcomments&post=803"}],"version-history":[{"count":5,"href":"https:\/\/asv-luebeck.de\/index.php?rest_route=\/wp\/v2\/pages\/803\/revisions"}],"predecessor-version":[{"id":2478,"href":"https:\/\/asv-luebeck.de\/index.php?rest_route=\/wp\/v2\/pages\/803\/revisions\/2478"}],"wp:attachment":[{"href":"https:\/\/asv-luebeck.de\/index.php?rest_route=%2Fwp%2Fv2%2Fmedia&parent=803"}],"curies":[{"name":"wp","href":"https:\/\/api.w.org\/{rel}","templated":true}]}}